{"id":1406,"date":"2024-03-13T19:19:46","date_gmt":"2024-03-13T19:19:46","guid":{"rendered":"http:\/\/vormid.kutt.ee\/?page_id=1406"},"modified":"2024-11-05T14:45:19","modified_gmt":"2024-11-05T11:45:19","slug":"kkk","status":"publish","type":"page","link":"https:\/\/www.piparkoogivormid.ee\/en\/faq\/","title":{"rendered":"FAQ"},"content":{"rendered":"<div data-elementor-type=\"wp-page\" data-elementor-id=\"1406\" class=\"elementor elementor-1406\" data-elementor-post-type=\"page\">\n\t\t\t\t<div class=\"elementor-element elementor-element-c09f078 e-con-full e-flex e-con e-parent\" data-id=\"c09f078\" data-element_type=\"container\" data-settings=\"{&quot;background_background&quot;:&quot;classic&quot;}\">\n\t\t<div class=\"elementor-element elementor-element-ad636f5 e-flex e-con-boxed e-con e-child\" data-id=\"ad636f5\" data-element_type=\"container\">\n\t\t\t\t\t<div class=\"e-con-inner\">\n\t\t\t\t<div class=\"elementor-element elementor-element-b4299ad elementor-widget elementor-widget-heading\" data-id=\"b4299ad\" data-element_type=\"widget\" data-widget_type=\"heading.default\">\n\t\t\t\t\t<h2 class=\"elementor-heading-title elementor-size-default\">FAQ<\/h2>\t\t\t\t<\/div>\n\t\t\t\t<div class=\"elementor-element elementor-element-a9161ae elementor-widget elementor-widget-text-editor\" data-id=\"a9161ae\" data-element_type=\"widget\" data-widget_type=\"text-editor.default\">\n\t\t\t\t\t\t\t\t\t<p>&#8211; <strong>What color are the cutters ordered from the online store?<\/strong><br \/>All cutters ordered from the online store are of random color. If you need the cutter to be a specific color, send us an inquiry on the \"Custom\" page.<\/p><p>\u00a0<\/p><p>&#8211; <strong>How will the item be shipped to me?<\/strong><br \/>All our products are shipped by Omniva or our delivery partner UNISEND parcel machines.<\/p><p>\u00a0<\/p><p>&#8211; <strong>How to care for 3D printed cookie cutters?<\/strong><br \/>To ensure that 3D printed cookie cutters bring joy for many years, they should be cleaned with lukewarm water and dish soap after each use. For tougher spots, you can also use a soft brush.<\/p><p>&#8211; <strong>Can 3D printed cookie cutters be washed in the dishwasher?<\/strong><br \/>No, 3D printed cookie cutters should always be washed by hand with lukewarm water to prevent deformation.<\/p><p>&#8211; <strong>Can 3D printed cookie cutters be placed in the oven with the gingerbread dough?<\/strong><br \/>No, 3D printed cookie cutters should not be placed in the oven, as high temperatures will cause them to deform and melt.<\/p><p><strong>\u2013 I can\u2019t get gingerbreads off the mold because the dough sticks to the gingerbread molds.<\/strong><br \/>If the dough tends to stick to the gingerbread molds, lightly coat the molds with flour or oil. If you are using a particularly soft dough, we recommend adding a bit of flour to it, and if that doesn\u2019t help, we suggest rolling out the dough in advance and placing it in the refrigerator for a while.\u00a0<\/p><p><strong>\u2013 Gingerbread does not have a pattern before baking.<\/strong><br \/>Since each dough and mold behaves a bit differently, working with 3D-printed gingerbread molds requires some practice.<br \/>If the pattern on the gingerbread is not visible or is very faint, try rolling the dough a bit thicker, but make sure that the pressed pattern is not too deep (about 2-3 mm is ideal).<\/p><p><strong>\u2013 After baking, the gingerbread no longer has a pattern or it has been smudged.<\/strong><br \/>If the gingerbread does not have a pattern after baking, we recommend making the gingerbread from slightly thicker dough or adding a bit of flour to the dough to make it thicker.\u00a0<\/p>\t\t\t\t\t\t\t\t<\/div>\n\t\t\t\t\t<\/div>\n\t\t\t\t<\/div>\n\t\t<div class=\"elementor-element elementor-element-7892265 elementor-hidden-tablet elementor-hidden-mobile_extra elementor-hidden-mobile e-flex e-con-boxed e-con e-child\" data-id=\"7892265\" data-element_type=\"container\">\n\t\t\t\t\t<div class=\"e-con-inner\">\n\t\t\t\t<div class=\"elementor-element elementor-element-ceff348 elementor-widget elementor-widget-image\" data-id=\"ceff348\" data-element_type=\"widget\" data-widget_type=\"image.default\">\n\t\t\t\t\t\t\t\t\t\t\t\t\t\t\t<img fetchpriority=\"high\" decoding=\"async\" width=\"768\" height=\"768\" src=\"https:\/\/www.piparkoogivormid.ee\/wp-content\/uploads\/2024\/02\/full-1.png\" class=\"attachment-large size-large wp-image-1272\" alt=\"\" srcset=\"https:\/\/www.piparkoogivormid.ee\/wp-content\/uploads\/2024\/02\/full-1.png 768w, https:\/\/www.piparkoogivormid.ee\/wp-content\/uploads\/2024\/02\/full-1-300x300.png 300w, https:\/\/www.piparkoogivormid.ee\/wp-content\/uploads\/2024\/02\/full-1-150x150.png 150w, https:\/\/www.piparkoogivormid.ee\/wp-content\/uploads\/2024\/02\/full-1-700x700.png 700w, https:\/\/www.piparkoogivormid.ee\/wp-content\/uploads\/2024\/02\/full-1-600x600.png 600w, https:\/\/www.piparkoogivormid.ee\/wp-content\/uploads\/2024\/02\/full-1-100x100.png 100w\" sizes=\"(max-width: 768px) 100vw, 768px\" \/>\t\t\t\t\t\t\t\t\t\t\t\t\t\t\t<\/div>\n\t\t\t\t\t<\/div>\n\t\t\t\t<\/div>\n\t\t\t\t<\/div>\n\t\t\t\t<\/div>","protected":false},"excerpt":{"rendered":"<p>KKK &#8211; Mis v\u00e4rvi on e-poest tellitud piparkoogivormid?K\u00f5ikide e-poest tellitud piparkoogivormide v\u00e4rv on juhuslik. Juhul kui soovite, et piparkoogivorm oleks kindlat v\u00e4rvi saatke meile p\u00e4rin &#8220;Eritellimus&#8221; vahelehel. \u00a0 &#8211; Kuidas j\u00f5uab piparkoogivorm minuni?K\u00f5ik meie piparkoogivormid saadetakse Omniva v\u00f5i meie tarnepartneri UNISEND pakiautomaati. \u00a0 &#8211; Kuidas hooldada 3D prinditud piparkoogivorme?Selleks, et 3D prinditud piparkoogivormid pakuksid r\u00f5\u00f5mu [&hellip;]<\/p>","protected":false},"author":1,"featured_media":3323,"parent":0,"menu_order":0,"comment_status":"closed","ping_status":"closed","template":"","meta":{"site-sidebar-layout":"no-sidebar","site-content-layout":"page-builder","ast-site-content-layout":"full-width-container","site-content-style":"default","site-sidebar-style":"default","ast-global-header-display":"","ast-banner-title-visibility":"","ast-main-header-display":"","ast-hfb-above-header-display":"","ast-hfb-below-header-display":"","ast-hfb-mobile-header-display":"","site-post-title":"disabled","ast-breadcrumbs-content":"","ast-featured-img":"disabled","footer-sml-layout":"","theme-transparent-header-meta":"disabled","adv-header-id-meta":"","stick-header-meta":"","header-above-stick-meta":"","header-main-stick-meta":"","header-below-stick-meta":"","astra-migrate-meta-layouts":"set","ast-page-background-enabled":"default","ast-page-background-meta":{"desktop":{"background-color":"","background-image":"","background-repeat":"repeat","background-position":"center center","background-size":"auto","background-attachment":"scroll","background-type":"","background-media":"","overlay-type":"","overlay-color":"","overlay-opacity":"","overlay-gradient":""},"tablet":{"background-color":"","background-image":"","background-repeat":"repeat","background-position":"center center","background-size":"auto","background-attachment":"scroll","background-type":"","background-media":"","overlay-type":"","overlay-color":"","overlay-opacity":"","overlay-gradient":""},"mobile":{"background-color":"","background-image":"","background-repeat":"repeat","background-position":"center center","background-size":"auto","background-attachment":"scroll","background-type":"","background-media":"","overlay-type":"","overlay-color":"","overlay-opacity":"","overlay-gradient":""}},"ast-content-background-meta":{"desktop":{"background-color":"var(--ast-global-color-5)","background-image":"","background-repeat":"repeat","background-position":"center center","background-size":"auto","background-attachment":"scroll","background-type":"","background-media":"","overlay-type":"","overlay-color":"","overlay-opacity":"","overlay-gradient":""},"tablet":{"background-color":"var(--ast-global-color-5)","background-image":"","background-repeat":"repeat","background-position":"center center","background-size":"auto","background-attachment":"scroll","background-type":"","background-media":"","overlay-type":"","overlay-color":"","overlay-opacity":"","overlay-gradient":""},"mobile":{"background-color":"var(--ast-global-color-5)","background-image":"","background-repeat":"repeat","background-position":"center center","background-size":"auto","background-attachment":"scroll","background-type":"","background-media":"","overlay-type":"","overlay-color":"","overlay-opacity":"","overlay-gradient":""}},"footnotes":""},"class_list":["post-1406","page","type-page","status-publish","has-post-thumbnail","hentry"],"aioseo_notices":[],"_links":{"self":[{"href":"https:\/\/www.piparkoogivormid.ee\/en\/wp-json\/wp\/v2\/pages\/1406","targetHints":{"allow":["GET"]}}],"collection":[{"href":"https:\/\/www.piparkoogivormid.ee\/en\/wp-json\/wp\/v2\/pages"}],"about":[{"href":"https:\/\/www.piparkoogivormid.ee\/en\/wp-json\/wp\/v2\/types\/page"}],"author":[{"embeddable":true,"href":"https:\/\/www.piparkoogivormid.ee\/en\/wp-json\/wp\/v2\/users\/1"}],"replies":[{"embeddable":true,"href":"https:\/\/www.piparkoogivormid.ee\/en\/wp-json\/wp\/v2\/comments?post=1406"}],"version-history":[{"count":0,"href":"https:\/\/www.piparkoogivormid.ee\/en\/wp-json\/wp\/v2\/pages\/1406\/revisions"}],"wp:featuredmedia":[{"embeddable":true,"href":"https:\/\/www.piparkoogivormid.ee\/en\/wp-json\/wp\/v2\/media\/3323"}],"wp:attachment":[{"href":"https:\/\/www.piparkoogivormid.ee\/en\/wp-json\/wp\/v2\/media?parent=1406"}],"curies":[{"name":"wp","href":"https:\/\/api.w.org\/{rel}","templated":true}]}}