{"id":1349,"date":"2024-03-04T19:50:01","date_gmt":"2024-03-04T19:50:01","guid":{"rendered":"http:\/\/vormid.kutt.ee\/?page_id=1349"},"modified":"2024-11-05T14:41:58","modified_gmt":"2024-11-05T11:41:58","slug":"eritellimus","status":"publish","type":"page","link":"https:\/\/www.piparkoogivormid.ee\/en\/custom\/","title":{"rendered":"Custom"},"content":{"rendered":"<div data-elementor-type=\"wp-page\" data-elementor-id=\"1349\" class=\"elementor elementor-1349\" data-elementor-post-type=\"page\">\n\t\t\t\t<div class=\"elementor-element elementor-element-fe79ea0 e-flex e-con-boxed e-con e-parent\" data-id=\"fe79ea0\" data-element_type=\"container\">\n\t\t\t\t\t<div class=\"e-con-inner\">\n\t\t<div class=\"elementor-element elementor-element-14576381 e-flex e-con-boxed e-con e-child\" data-id=\"14576381\" data-element_type=\"container\">\n\t\t\t\t\t<div class=\"e-con-inner\">\n\t\t\t\t<div class=\"elementor-element elementor-element-72fdbc8b elementor-widget elementor-widget-heading\" data-id=\"72fdbc8b\" data-element_type=\"widget\" data-widget_type=\"heading.default\">\n\t\t\t\t\t<h2 class=\"elementor-heading-title elementor-size-default\">Custom<\/h2>\t\t\t\t<\/div>\n\t\t\t\t\t<\/div>\n\t\t\t\t<\/div>\n\t\t<div class=\"elementor-element elementor-element-6ba2bef7 e-con-full e-flex e-con e-child\" data-id=\"6ba2bef7\" data-element_type=\"container\">\n\t\t\t\t<div class=\"elementor-element elementor-element-47fefecc elementor-widget elementor-widget-heading\" data-id=\"47fefecc\" data-element_type=\"widget\" data-widget_type=\"heading.default\">\n\t\t\t\t\t<h2 class=\"elementor-heading-title elementor-size-default\">3dprinditud@gmail.com<\/h2>\t\t\t\t<\/div>\n\t\t\t\t<\/div>\n\t\t<div class=\"elementor-element elementor-element-5682d85e e-con-full e-flex e-con e-child\" data-id=\"5682d85e\" data-element_type=\"container\" data-settings=\"{&quot;background_background&quot;:&quot;classic&quot;}\">\n\t\t<div class=\"elementor-element elementor-element-613e016d e-flex e-con-boxed e-con e-child\" data-id=\"613e016d\" data-element_type=\"container\">\n\t\t\t\t\t<div class=\"e-con-inner\">\n\t\t\t\t<div class=\"elementor-element elementor-element-32f80a5 elementor-widget elementor-widget-heading\" data-id=\"32f80a5\" data-element_type=\"widget\" data-widget_type=\"heading.default\">\n\t\t\t\t\t<h2 class=\"elementor-heading-title elementor-size-default\">We know that the coolest ideas can\u2019t be realized with standard solutions alone, and that\u2019s why we encourage our customers to ask about custom gingerbread cutters!<\/h2>\t\t\t\t<\/div>\n\t\t\t\t<div class=\"elementor-element elementor-element-31920863 fluent-form-widget-step-header-yes fluent-form-widget-step-progressbar-yes fluentform-widget-submit-button-custom elementor-widget elementor-widget-fluent-form-widget\" data-id=\"31920863\" data-element_type=\"widget\" data-widget_type=\"fluent-form-widget.default\">\n\t\t\t\t<div class=\"elementor-widget-container\">\n\t\t\t\t\t\n            <div class=\"fluentform-widget-wrapper fluentform-widget-custom-radio-checkbox fluentform-widget-align-left\">\n\n            \n            <div class='fluentform ff-default fluentform_wrapper_7 ffs_custom_wrap'><form data-form_id=\"7\" id=\"fluentform_7\" class=\"frm-fluent-form fluent_form_7 ff-el-form-top ff_form_instance_7_1 ff-form-loading ff_has_v3_recptcha ffs_custom\" data-form_instance=\"ff_form_instance_7_1\" method=\"POST\" data-recptcha_key=\"6LeQ0ZcpAAAAAPjtRuHHFjKwj4NzJf52d2QxEsir\" action=\"\" ><fieldset  style=\"border: none!important;margin: 0!important;padding: 0!important;background-color: transparent!important;box-shadow: none!important;outline: none!important; min-inline-size: 100%;\">\n                    <legend class=\"ff_screen_reader_title\" style=\"display: block; margin: 0!important;padding: 0!important;height: 0!important;text-indent: -999999px;width: 0!important;overflow:hidden;\">Custom<\/legend><input type='hidden' name='__fluent_form_embded_post_id' value='1349' \/><input type=\"hidden\" id=\"_fluentform_7_fluentformnonce\" name=\"_fluentform_7_fluentformnonce\" value=\"926c8a86c1\" \/><input type=\"hidden\" name=\"_wp_http_referer\" value=\"\/en\/wp-json\/wp\/v2\/pages\/1349\" \/><div data-name=\"ff_cn_id_1\"  class='ff-t-container ff-column-container ff_columns_total_2'><div class='ff-t-cell ff-t-column-1' style='flex-basis: 50%;'><div data-type=\"name-element\" data-name=\"names\" class=\"ff-field_container ff-name-field-wrapper\" ><div class='ff-t-container'><div class='ff-t-cell'><div class='ff-el-group  ff-el-form-hide_label'><div class=\"ff-el-input--label ff-el-is-required asterisk-right\"><label for='ff_7_names_first_name_' aria-label=\"Name\">Name<\/label><\/div><div class='ff-el-input--content'><input type=\"text\" name=\"names[first_name]\" id=\"ff_7_names_first_name_\" class=\"ff-el-form-control\" placeholder=\"Name\" aria-invalid=\"false\" aria-required=\"true\"><\/div><\/div><\/div><\/div><\/div><\/div><div class='ff-t-cell ff-t-column-2' style='flex-basis: 50%;'><div class='ff-el-group ff-el-form-hide_label'><div class=\"ff-el-input--label ff-el-is-required asterisk-right\"><label for='ff_7_subject' aria-label=\"Subject\">Subject<\/label><\/div><div class='ff-el-input--content'><input type=\"text\" name=\"subject\" class=\"ff-el-form-control\" placeholder=\"Title\" data-name=\"subject\" id=\"ff_7_subject\"  aria-invalid=\"false\" aria-required=\"true\"><\/div><\/div><\/div><\/div><div data-name=\"ff_cn_id_2\"  class='ff-t-container ff-column-container ff_columns_total_2'><div class='ff-t-cell ff-t-column-1' style='flex-basis: 50%;'><div class='ff-el-group ff-el-form-hide_label'><div class=\"ff-el-input--label ff-el-is-required asterisk-right\"><label for='ff_7_email' aria-label=\"Email\">Email<\/label><\/div><div class='ff-el-input--content'><input type=\"email\" name=\"email\" id=\"ff_7_email\" class=\"ff-el-form-control\" placeholder=\"Email\" data-name=\"email\"  aria-invalid=\"false\" aria-required=\"true\"><\/div><\/div><\/div><div class='ff-t-cell ff-t-column-2' style='flex-basis: 50%;'><div class='ff-el-group ff-el-form-hide_label'><div class=\"ff-el-input--label asterisk-right\"><label for='ff_7_phone' aria-label=\"Telefon\">Telefon<\/label><\/div><div class='ff-el-input--content'><input name=\"phone\" class=\"ff-el-form-control ff-el-phone ff_el_with_extended_validation\" type=\"tel\" placeholder=\"Telefon\" data-name=\"phone\" id=\"ff_7_phone\" inputmode=\"tel\"  aria-invalid='false' aria-required=\"false\"><\/div><\/div><\/div><\/div><div class='ff-el-group ff-el-form-hide_label'><div class=\"ff-el-input--label ff-el-is-required asterisk-right\"><label for='ff_7_message' aria-label=\"Description\">Description<\/label><\/div><div class='ff-el-input--content'><textarea aria-invalid=\"false\" aria-required=\"true\" name=\"message\" id=\"ff_7_message\" class=\"ff-el-form-control\" placeholder=\"Description\" rows=\"4\" cols=\"2\" data-name=\"message\" ><\/textarea><div class='ff-el-help-message'>Enter a bit of additional information about your desired gingerbread cutter here, such as the size, color of the cutter, or simply introduce your vision in a few words.<\/div><\/div><\/div><div data-name=\"ff_cn_id_3\"  class='ff-t-container ff-column-container ff_columns_total_2'><div class='ff-t-cell ff-t-column-1' style='flex-basis: 50%;'><div class='ff-el-group'><div class=\"ff-el-input--label asterisk-right\"><label for='ff_7_file-upload_1' aria-label=\"Design\">Design<\/label><\/div><div class='ff-el-input--content'><label for='ff_7_file-upload_1' class='ff_file_upload_holder'><span class='ff_upload_btn ff-btn' tabindex='0'>Add file<\/span> <input type=\"file\" name=\"file-upload\" id=\"ff_7_file-upload_1\" class=\"ff-el-form-control  ff-screen-reader-element\" data-name=\"file-upload\" multiple=\"1\"  aria-invalid='false' aria-required=\"false\"><\/label><div class='ff-el-help-message'>If you have an SVG\/PDF\/JPG\/PNG file of your idea, be sure to include it with your request. If you don\u2019t have one yet, we can help you create it.<\/div><\/div><\/div><\/div><div class='ff-t-cell ff-t-column-2' style='flex-basis: 50%;'><div class='ff-el-group'><div class=\"ff-el-input--label asterisk-right\"><label for='ff_7_numeric_field' aria-label=\"Quantity\">Quantity<\/label><\/div><div class='ff-el-input--content'><div class=\"ff_input-group\"><input type=\"text\" name=\"numeric_field\" id=\"ff_7_numeric_field\" class=\"ff-el-form-control  ff_numeric\" placeholder=\"10\" data-name=\"numeric_field\" inputmode=\"numeric\" step=\"1\" data-formatter=\"{&quot;decimal&quot;:&quot;,&quot;,&quot;separator&quot;:&quot;.&quot;,&quot;precision&quot;:0,&quot;symbol&quot;:&quot;&quot;}\"  aria-invalid=\"false\" aria-required=\"false\"><div class=\"ff_input-group-append\"><span class=\"ff_input-group-text\">tk<\/span><\/div><\/div><div class='ff-el-help-message'>Enter the estimated quantity of gingerbread cutters here, so we can better account for the order volume.<\/div><\/div><\/div><\/div><\/div><div class='ff-el-group    ff-el-input--content'><div class='ff-el-form-check ff-el-tc'><label aria-label='terms & conditions' class='ff-el-form-check-label ff_tc_label' for=\"terms-n-condition_ea0ce2a5f5567ad9bba89de9e326acb5\"><span class='ff_tc_checkbox'><input type=\"checkbox\" name=\"terms-n-condition\" class=\"ff-el-form-check-input\" data-name=\"terms-n-condition\" id=\"terms-n-condition_ea0ce2a5f5567ad9bba89de9e326acb5\"  value='on' aria-invalid='false' aria-required=\"true\"><\/span> <div class='ff_t_c'><p>I have read and agree to the website\u2019s <a href=\"https:\/\/www.piparkoogivormid.ee\/en\/tingimused\/\">terms and conditions.<\/a><\/p><\/div><\/label><\/div><\/div><div class='ff-el-group  ff-custom_html' data-name=\"custom_html-7_1\" ><div class=\"\">\n<div><span class=\"enlighter-k1\">This<\/span><span class=\"enlighter-text\"> site is protected by reCAPTCHA and the Google <a href=\"https:\/\/policies.google.com\/privacy\">Privacy Policy<\/a> and<\/span><span class=\"enlighter-text\">\u00a0<a href=\"https:\/\/policies.google.com\/terms\">Terms <span class=\"enlighter-k1\">of<\/span> Service<\/a><\/span> apply.<\/div>\n<\/div><\/div><div class='ff-el-group ff-text-left ff_submit_btn_wrapper'><button type=\"submit\" class=\"ff-btn ff-btn-submit ff-btn-md ff_btn_style\" >Send<\/button><\/div><\/fieldset><input type=\"hidden\" name=\"trp-form-language\" value=\"en\"\/><\/form><div id='fluentform_7_errors' class='ff-errors-in-stack ff_form_instance_7_1 ff-form-loading_errors ff_form_instance_7_1_errors'><\/div><\/div>        <script type=\"text\/javascript\">\n            window.fluent_form_ff_form_instance_7_1 = {\"id\":\"7\",\"settings\":{\"layout\":{\"labelPlacement\":\"top\",\"helpMessagePlacement\":\"under_input\",\"errorMessagePlacement\":\"inline\",\"cssClassName\":\"\",\"asteriskPlacement\":\"asterisk-right\"},\"restrictions\":{\"denyEmptySubmission\":{\"enabled\":false}}},\"form_instance\":\"ff_form_instance_7_1\",\"form_id_selector\":\"fluentform_7\",\"rules\":{\"names[first_name]\":{\"required\":{\"value\":true,\"message\":\"See v\\u00e4li on n\\u00f5utud\",\"global\":true,\"global_message\":\"See v\\u00e4li on n\\u00f5utud\"}},\"names[middle_name]\":{\"required\":{\"value\":false,\"message\":\"See v\\u00e4li on n\\u00f5utud\",\"global\":true,\"global_message\":\"See v\\u00e4li on n\\u00f5utud\"}},\"names[last_name]\":{\"required\":{\"value\":false,\"message\":\"See v\\u00e4li on n\\u00f5utud\",\"global\":true,\"global_message\":\"See v\\u00e4li on n\\u00f5utud\"}},\"subject\":{\"required\":{\"value\":true,\"message\":\"See v\\u00e4li on n\\u00f5utud\",\"global\":true,\"global_message\":\"See v\\u00e4li on n\\u00f5utud\"}},\"email\":{\"required\":{\"value\":true,\"message\":\"See v\\u00e4li on n\\u00f5utud\",\"global\":true,\"global_message\":\"See v\\u00e4li on n\\u00f5utud\"},\"email\":{\"value\":true,\"message\":\"Palun kontrolli emaili formaati\",\"global\":true,\"global_message\":\"Palun kontrolli emaili formaati\"}},\"phone\":{\"required\":{\"value\":false,\"global\":true,\"message\":\"See v\\u00e4li on n\\u00f5utud\",\"global_message\":\"See v\\u00e4li on n\\u00f5utud\"},\"valid_phone_number\":{\"value\":true,\"global\":true,\"message\":\"Phone number is not valid\",\"global_message\":\"Phone number is not valid\"}},\"message\":{\"required\":{\"value\":true,\"message\":\"See v\\u00e4li on n\\u00f5utud\",\"global\":true,\"global_message\":\"See v\\u00e4li on n\\u00f5utud\"}},\"file-upload\":{\"required\":{\"value\":false,\"message\":\"See v\\u00e4li on n\\u00f5utud\",\"global_message\":\"See v\\u00e4li on n\\u00f5utud\",\"global\":true},\"max_file_size\":{\"value\":209715200,\"_valueFrom\":\"MB\",\"message\":\"Validation fails for maximum file size\",\"global_message\":\"Validation fails for maximum file size\",\"global\":true},\"max_file_count\":{\"value\":\"5\",\"message\":\"Validation fails for maximum file count\",\"global_message\":\"Validation fails for maximum file count\",\"global\":true},\"allowed_file_types\":{\"value\":[],\"message\":\"Invalid file type\",\"global_message\":\"Invalid file type\",\"global\":true}},\"numeric_field\":{\"required\":{\"value\":false,\"message\":\"See v\\u00e4li on n\\u00f5utud\",\"global_message\":\"See v\\u00e4li on n\\u00f5utud\",\"global\":true},\"numeric\":{\"value\":true,\"message\":\"Siia v\\u00f5ib sisestada ainult numbreid\",\"global_message\":\"Siia v\\u00f5ib sisestada ainult numbreid\",\"global\":true},\"min\":{\"value\":\"\",\"message\":\"Validation fails for minimum value\",\"global_message\":\"Validation fails for minimum value\",\"global\":true},\"max\":{\"value\":\"\",\"message\":\"Validation fails for maximum value\",\"global_message\":\"Validation fails for maximum value\",\"global\":true},\"digits\":{\"value\":\"\",\"message\":\"Validation fails for limited digits\",\"global_message\":\"Validation fails for limited digits\",\"global\":true}},\"terms-n-condition\":{\"required\":{\"value\":true,\"message\":\"See v\\u00e4li on n\\u00f5utud\",\"global_message\":\"See v\\u00e4li on n\\u00f5utud\",\"global\":true}}}};\n                    <\/script>\n                    <\/div>\n\n            \t\t\t\t<\/div>\n\t\t\t\t<\/div>\n\t\t\t\t\t<\/div>\n\t\t\t\t<\/div>\n\t\t<div class=\"elementor-element elementor-element-30b30dd9 e-con-full elementor-hidden-tablet elementor-hidden-mobile_extra elementor-hidden-mobile e-flex e-con e-child\" data-id=\"30b30dd9\" data-element_type=\"container\">\n\t\t\t\t<div class=\"elementor-element elementor-element-d2e4841 elementor-widget elementor-widget-image\" data-id=\"d2e4841\" data-element_type=\"widget\" data-widget_type=\"image.default\">\n\t\t\t\t\t\t\t\t\t\t\t\t\t\t\t<img fetchpriority=\"high\" decoding=\"async\" width=\"768\" height=\"768\" src=\"https:\/\/piparkoogivormid.ee\/wp-content\/uploads\/2024\/02\/full-1.png\" class=\"attachment-large size-large wp-image-1272\" alt=\"Cookie cutters\" srcset=\"https:\/\/piparkoogivormid.ee\/wp-content\/uploads\/2024\/02\/full-1.png 768w, https:\/\/piparkoogivormid.ee\/wp-content\/uploads\/2024\/02\/full-1-300x300.png 300w, https:\/\/piparkoogivormid.ee\/wp-content\/uploads\/2024\/02\/full-1-150x150.png 150w, https:\/\/piparkoogivormid.ee\/wp-content\/uploads\/2024\/02\/full-1-700x700.png 700w, https:\/\/piparkoogivormid.ee\/wp-content\/uploads\/2024\/02\/full-1-600x600.png 600w, https:\/\/piparkoogivormid.ee\/wp-content\/uploads\/2024\/02\/full-1-100x100.png 100w\" sizes=\"(max-width: 768px) 100vw, 768px\" title=\"Cookie cutters\" \/>\t\t\t\t\t\t\t\t\t\t\t\t\t\t\t<\/div>\n\t\t\t\t<\/div>\n\t\t\t\t<\/div>\n\t\t<div class=\"elementor-element elementor-element-3aaa573a e-con-full e-flex e-con e-child\" data-id=\"3aaa573a\" data-element_type=\"container\">\n\t\t<div class=\"elementor-element elementor-element-4d6c90bc e-con-full e-flex e-con e-child\" data-id=\"4d6c90bc\" data-element_type=\"container\">\n\t\t\t\t<div class=\"elementor-element elementor-element-755ae1d8 e-grid-align-left elementor-shape-rounded elementor-grid-0 elementor-widget elementor-widget-social-icons\" data-id=\"755ae1d8\" data-element_type=\"widget\" data-widget_type=\"social-icons.default\">\n\t\t\t\t\t\t\t<div class=\"elementor-social-icons-wrapper elementor-grid\" role=\"list\">\n\t\t\t\t\t\t\t<span class=\"elementor-grid-item\" role=\"listitem\">\n\t\t\t\t\t<a class=\"elementor-icon elementor-social-icon elementor-social-icon-facebook elementor-repeater-item-5eb50fc\" href=\"https:\/\/www.facebook.com\/3dprinditud\" target=\"_blank\">\n\t\t\t\t\t\t<span class=\"elementor-screen-only\">Facebook<\/span>\n\t\t\t\t\t\t<svg aria-hidden=\"true\" class=\"e-font-icon-svg e-fab-facebook\" viewbox=\"0 0 512 512\" xmlns=\"http:\/\/www.w3.org\/2000\/svg\"><path d=\"M504 256C504 119 393 8 256 8S8 119 8 256c0 123.78 90.69 226.38 209.25 245V327.69h-63V256h63v-54.64c0-62.15 37-96.48 93.67-96.48 27.14 0 55.52 4.84 55.52 4.84v61h-31.28c-30.8 0-40.41 19.12-40.41 38.73V256h68.78l-11 71.69h-57.78V501C413.31 482.38 504 379.78 504 256z\"><\/path><\/svg>\t\t\t\t\t<\/a>\n\t\t\t\t<\/span>\n\t\t\t\t\t\t\t<span class=\"elementor-grid-item\" role=\"listitem\">\n\t\t\t\t\t<a class=\"elementor-icon elementor-social-icon elementor-social-icon-instagram elementor-repeater-item-7c0e97e\" href=\"https:\/\/www.instagram.com\/3dprinditud\/\" target=\"_blank\">\n\t\t\t\t\t\t<span class=\"elementor-screen-only\">Instagram<\/span>\n\t\t\t\t\t\t<svg aria-hidden=\"true\" class=\"e-font-icon-svg e-fab-instagram\" viewbox=\"0 0 448 512\" xmlns=\"http:\/\/www.w3.org\/2000\/svg\"><path d=\"M224.1 141c-63.6 0-114.9 51.3-114.9 114.9s51.3 114.9 114.9 114.9S339 319.5 339 255.9 287.7 141 224.1 141zm0 189.6c-41.1 0-74.7-33.5-74.7-74.7s33.5-74.7 74.7-74.7 74.7 33.5 74.7 74.7-33.6 74.7-74.7 74.7zm146.4-194.3c0 14.9-12 26.8-26.8 26.8-14.9 0-26.8-12-26.8-26.8s12-26.8 26.8-26.8 26.8 12 26.8 26.8zm76.1 27.2c-1.7-35.9-9.9-67.7-36.2-93.9-26.2-26.2-58-34.4-93.9-36.2-37-2.1-147.9-2.1-184.9 0-35.8 1.7-67.6 9.9-93.9 36.1s-34.4 58-36.2 93.9c-2.1 37-2.1 147.9 0 184.9 1.7 35.9 9.9 67.7 36.2 93.9s58 34.4 93.9 36.2c37 2.1 147.9 2.1 184.9 0 35.9-1.7 67.7-9.9 93.9-36.2 26.2-26.2 34.4-58 36.2-93.9 2.1-37 2.1-147.8 0-184.8zM398.8 388c-7.8 19.6-22.9 34.7-42.6 42.6-29.5 11.7-99.5 9-132.1 9s-102.7 2.6-132.1-9c-19.6-7.8-34.7-22.9-42.6-42.6-11.7-29.5-9-99.5-9-132.1s-2.6-102.7 9-132.1c7.8-19.6 22.9-34.7 42.6-42.6 29.5-11.7 99.5-9 132.1-9s102.7-2.6 132.1 9c19.6 7.8 34.7 22.9 42.6 42.6 11.7 29.5 9 99.5 9 132.1s2.7 102.7-9 132.1z\"><\/path><\/svg>\t\t\t\t\t<\/a>\n\t\t\t\t<\/span>\n\t\t\t\t\t<\/div>\n\t\t\t\t\t\t<\/div>\n\t\t\t\t<div class=\"elementor-element elementor-element-56e3c78c elementor-widget elementor-widget-heading\" data-id=\"56e3c78c\" data-element_type=\"widget\" data-widget_type=\"heading.default\">\n\t\t\t\t\t<h2 class=\"elementor-heading-title elementor-size-default\">+372 59006214<\/h2>\t\t\t\t<\/div>\n\t\t\t\t<\/div>\n\t\t\t\t<\/div>\n\t\t\t\t\t<\/div>\n\t\t\t\t<\/div>\n\t\t\t\t<\/div>","protected":false},"excerpt":{"rendered":"<p>Eritellimus 3dprinditud@gmail.com Me teame, et neid k\u00f5ige \u00e4gedamaid ideid ei saa teostada ainult standardlahendustega ja just sellep\u00e4rast julgustamegi oma kliente k\u00fcsima eritellimus piparkoogivormide kohta! Eritellimus NimiSubjectEmailIdee kirjeldusSisesta siia veidike lisainfot oma soovitud piparkoogivormi kohta, nagu n\u00e4iteks vormide suurus, v\u00e4rv v\u00f5i lihtsalt tutvusta oma visooni paari s\u00f5naga.KujundusLisa Fail Kui sul on ideest olemas svg\/pdf\/jpg\/png fail, siis [&hellip;]<\/p>","protected":false},"author":1,"featured_media":3233,"parent":0,"menu_order":0,"comment_status":"closed","ping_status":"closed","template":"elementor_header_footer","meta":{"site-sidebar-layout":"no-sidebar","site-content-layout":"page-builder","ast-site-content-layout":"full-width-container","site-content-style":"default","site-sidebar-style":"default","ast-global-header-display":"","ast-banner-title-visibility":"","ast-main-header-display":"","ast-hfb-above-header-display":"","ast-hfb-below-header-display":"","ast-hfb-mobile-header-display":"","site-post-title":"disabled","ast-breadcrumbs-content":"","ast-featured-img":"disabled","footer-sml-layout":"","theme-transparent-header-meta":"disabled","adv-header-id-meta":"","stick-header-meta":"","header-above-stick-meta":"","header-main-stick-meta":"","header-below-stick-meta":"","astra-migrate-meta-layouts":"set","ast-page-background-enabled":"default","ast-page-background-meta":{"desktop":{"background-color":"","background-image":"","background-repeat":"repeat","background-position":"center center","background-size":"auto","background-attachment":"scroll","background-type":"","background-media":"","overlay-type":"","overlay-color":"","overlay-opacity":"","overlay-gradient":""},"tablet":{"background-color":"","background-image":"","background-repeat":"repeat","background-position":"center center","background-size":"auto","background-attachment":"scroll","background-type":"","background-media":"","overlay-type":"","overlay-color":"","overlay-opacity":"","overlay-gradient":""},"mobile":{"background-color":"","background-image":"","background-repeat":"repeat","background-position":"center center","background-size":"auto","background-attachment":"scroll","background-type":"","background-media":"","overlay-type":"","overlay-color":"","overlay-opacity":"","overlay-gradient":""}},"ast-content-background-meta":{"desktop":{"background-color":"var(--ast-global-color-5)","background-image":"","background-repeat":"repeat","background-position":"center center","background-size":"auto","background-attachment":"scroll","background-type":"","background-media":"","overlay-type":"","overlay-color":"","overlay-opacity":"","overlay-gradient":""},"tablet":{"background-color":"var(--ast-global-color-5)","background-image":"","background-repeat":"repeat","background-position":"center center","background-size":"auto","background-attachment":"scroll","background-type":"","background-media":"","overlay-type":"","overlay-color":"","overlay-opacity":"","overlay-gradient":""},"mobile":{"background-color":"var(--ast-global-color-5)","background-image":"","background-repeat":"repeat","background-position":"center center","background-size":"auto","background-attachment":"scroll","background-type":"","background-media":"","overlay-type":"","overlay-color":"","overlay-opacity":"","overlay-gradient":""}},"footnotes":""},"class_list":["post-1349","page","type-page","status-publish","has-post-thumbnail","hentry"],"aioseo_notices":[],"_links":{"self":[{"href":"https:\/\/www.piparkoogivormid.ee\/en\/wp-json\/wp\/v2\/pages\/1349","targetHints":{"allow":["GET"]}}],"collection":[{"href":"https:\/\/www.piparkoogivormid.ee\/en\/wp-json\/wp\/v2\/pages"}],"about":[{"href":"https:\/\/www.piparkoogivormid.ee\/en\/wp-json\/wp\/v2\/types\/page"}],"author":[{"embeddable":true,"href":"https:\/\/www.piparkoogivormid.ee\/en\/wp-json\/wp\/v2\/users\/1"}],"replies":[{"embeddable":true,"href":"https:\/\/www.piparkoogivormid.ee\/en\/wp-json\/wp\/v2\/comments?post=1349"}],"version-history":[{"count":0,"href":"https:\/\/www.piparkoogivormid.ee\/en\/wp-json\/wp\/v2\/pages\/1349\/revisions"}],"wp:featuredmedia":[{"embeddable":true,"href":"https:\/\/www.piparkoogivormid.ee\/en\/wp-json\/wp\/v2\/media\/3233"}],"wp:attachment":[{"href":"https:\/\/www.piparkoogivormid.ee\/en\/wp-json\/wp\/v2\/media?parent=1349"}],"curies":[{"name":"wp","href":"https:\/\/api.w.org\/{rel}","templated":true}]}}